{"id":2762,"date":"2026-02-17T14:10:49","date_gmt":"2026-02-17T13:10:49","guid":{"rendered":"https:\/\/www.talocdesport.com\/blog\/?page_id=2762"},"modified":"2026-02-17T14:19:40","modified_gmt":"2026-02-17T13:19:40","slug":"revue-de-presse","status":"publish","type":"page","link":"https:\/\/www.talocdesport.com\/blog\/revue-de-presse\/","title":{"rendered":"Revue de Presse"},"content":{"rendered":"\t\t<div data-elementor-type=\"wp-page\" data-elementor-id=\"2762\" class=\"elementor elementor-2762\" data-elementor-post-type=\"page\">\n\t\t\t\t<div class=\"elementor-element elementor-element-9b290ce e-flex e-con-boxed wpr-particle-no wpr-jarallax-no wpr-parallax-no wpr-sticky-section-no e-con e-parent\" data-id=\"9b290ce\" data-element_type=\"container\" data-e-type=\"container\">\n\t\t\t\t\t<div class=\"e-con-inner\">\n\t\t\t\t<div class=\"elementor-element elementor-element-5812647 elementor-widget elementor-widget-text-editor\" data-id=\"5812647\" data-element_type=\"widget\" data-e-type=\"widget\" data-widget_type=\"text-editor.default\">\n\t\t\t\t<div class=\"elementor-widget-container\">\n\t\t\t\t\t\t\t\t\t<p class=\"font-claude-response-body break-words whitespace-normal leading-[1.7]\">Retrouvez ici l&rsquo;ensemble m\u00e9dias qui ont parl\u00e9 de Taloc&rsquo;de Sport et qui nous aide \u00e0 rendre le sport toujours plus accessible!<\/p><hr class=\"border-border-200 border-t-0.5 my-3 mx-1.5\" \/><p class=\"font-claude-response-body break-words whitespace-normal leading-[1.7]\"><strong><br \/><a class=\"underline underline underline-offset-2 decoration-1 decoration-current\/40 hover:decoration-current focus:decoration-current\" href=\"https:\/\/www.lessentiel.fr\/grenoble\/entreprises\/2026-01-12\/faire-des-economies-sur-ses-sorties-sportives-grace-une-start\">Faire des \u00e9conomies sur ses sorties sportives gr\u00e2ce \u00e0 une start-up grenobloise<\/a> <\/strong>\u2014 <em>L&rsquo;Essentiel Grenoble<\/em>, 12 janvier 2026<\/p><p class=\"font-claude-response-body break-words whitespace-normal leading-[1.7]\"><strong><a class=\"underline underline underline-offset-2 decoration-1 decoration-current\/40 hover:decoration-current focus:decoration-current\" href=\"https:\/\/www.ledauphine.com\/economie\/2025\/12\/11\/taloc-de-sport-la-start-up-qui-veut-rendre-le-sport-plus-abordable\">Taloc&rsquo;de sport, la start-up qui veut rendre le sport plus abordable<\/a><\/strong> \u2014 <em>Le Dauphin\u00e9 Lib\u00e9r\u00e9<\/em>, 11 d\u00e9cembre 2025<\/p><p class=\"font-claude-response-body break-words whitespace-normal leading-[1.7]\"><a class=\"underline underline underline-offset-2 decoration-1 decoration-current\/40 hover:decoration-current focus:decoration-current\" href=\"https:\/\/grenoble.levillagebyca.com\/le-village-innovation-du-bdltech\/\"><strong>Quand les startups locales font bouger les lignes !<\/strong><\/a> \u2014 <em>Village by CA<\/em>, 27 octobre 2025<\/p><p class=\"font-claude-response-body break-words whitespace-normal leading-[1.7]\"><strong><a class=\"underline underline underline-offset-2 decoration-1 decoration-current\/40 hover:decoration-current focus:decoration-current\" href=\"https:\/\/www.facebook.com\/GrenobleEM\/posts\/1170838068422665\/\">Taloc&rsquo;De Sport, la nouvelle p\u00e9pite incub\u00e9e \u00e0 Grenoble Ecole de Management !<\/a><\/strong> \u2014 <em>GEM<\/em>, 29 juillet 2025<\/p><hr class=\"border-border-200 border-t-0.5 my-3 mx-1.5\" \/><p class=\"font-claude-response-body break-words whitespace-normal leading-[1.7]\">Vous \u00eates journaliste ou blogueur et souhaitez parler de nous ? Contactez-nous \u00e0 <a href=\"mailto:contact@talocdesport.com\">contact@talocdesport.com<\/a>.<\/p>\t\t\t\t\t\t\t\t<\/div>\n\t\t\t\t<\/div>\n\t\t\t\t\t<\/div>\n\t\t\t\t<\/div>\n\t\t\t\t<\/div>\n\t\t","protected":false},"excerpt":{"rendered":"<p>Retrouvez ici l&rsquo;ensemble m\u00e9dias qui ont parl\u00e9 de Taloc&rsquo;de Sport et qui nous aide \u00e0 rendre le sport toujours plus accessible! Faire des \u00e9conomies sur ses sorties sportives gr\u00e2ce \u00e0 une start-up grenobloise \u2014 L&rsquo;Essentiel Grenoble, 12 janvier 2026 Taloc&rsquo;de sport, la start-up qui veut rendre le sport plus abordable \u2014 Le Dauphin\u00e9 Lib\u00e9r\u00e9, 11 d\u00e9cembre 2025 Quand les startups locales font bouger les lignes ! \u2014 Village by CA, 27 octobre 2025 Taloc&rsquo;De Sport, la nouvelle p\u00e9pite incub\u00e9e \u00e0 Grenoble Ecole de Management ! \u2014 GEM, 29 juillet 2025 Vous \u00eates journaliste ou blogueur et souhaitez parler de nous ? Contactez-nous \u00e0 contact@talocdesport.com.<\/p>\n","protected":false},"author":2,"featured_media":0,"parent":0,"menu_order":0,"comment_status":"closed","ping_status":"closed","template":"","meta":{"_acf_changed":false,"footnotes":""},"class_list":["post-2762","page","type-page","status-publish","hentry"],"acf":[],"yoast_head":"<!-- This site is optimized with the Yoast SEO plugin v27.0 - https:\/\/yoast.com\/product\/yoast-seo-wordpress\/ -->\n<title>Revue de Presse -<\/title>\n<meta name=\"description\" content=\"D\u00e9couvrez les m\u00e9dias qui parlent de Taloc&#039;de Sport, la start-up grenobloise qui rend le sport plus abordable.\" \/>\n<meta name=\"robots\" content=\"index, follow, max-snippet:-1, max-image-preview:large, max-video-preview:-1\" \/>\n<link rel=\"canonical\" href=\"https:\/\/www.talocdesport.com\/blog\/revue-de-presse\/\" \/>\n<meta property=\"og:locale\" content=\"fr_FR\" \/>\n<meta property=\"og:type\" content=\"article\" \/>\n<meta property=\"og:title\" content=\"Revue de Presse -\" \/>\n<meta property=\"og:description\" content=\"D\u00e9couvrez les m\u00e9dias qui parlent de Taloc&#039;de Sport, la start-up grenobloise qui rend le sport plus abordable.\" \/>\n<meta property=\"og:url\" content=\"https:\/\/www.talocdesport.com\/blog\/revue-de-presse\/\" \/>\n<meta property=\"article:modified_time\" content=\"2026-02-17T13:19:40+00:00\" \/>\n<meta name=\"twitter:card\" content=\"summary_large_image\" \/>\n<meta name=\"twitter:label1\" content=\"Dur\u00e9e de lecture estim\u00e9e\" \/>\n\t<meta name=\"twitter:data1\" content=\"1 minute\" \/>\n<script type=\"application\/ld+json\" class=\"yoast-schema-graph\">{\"@context\":\"https:\/\/schema.org\",\"@graph\":[{\"@type\":\"WebPage\",\"@id\":\"https:\/\/www.talocdesport.com\/blog\/revue-de-presse\/\",\"url\":\"https:\/\/www.talocdesport.com\/blog\/revue-de-presse\/\",\"name\":\"Revue de Presse -\",\"isPartOf\":{\"@id\":\"https:\/\/www.talocdesport.com\/blog\/#website\"},\"datePublished\":\"2026-02-17T13:10:49+00:00\",\"dateModified\":\"2026-02-17T13:19:40+00:00\",\"description\":\"D\u00e9couvrez les m\u00e9dias qui parlent de Taloc'de Sport, la start-up grenobloise qui rend le sport plus abordable.\",\"breadcrumb\":{\"@id\":\"https:\/\/www.talocdesport.com\/blog\/revue-de-presse\/#breadcrumb\"},\"inLanguage\":\"fr-FR\",\"potentialAction\":[{\"@type\":\"ReadAction\",\"target\":[\"https:\/\/www.talocdesport.com\/blog\/revue-de-presse\/\"]}]},{\"@type\":\"BreadcrumbList\",\"@id\":\"https:\/\/www.talocdesport.com\/blog\/revue-de-presse\/#breadcrumb\",\"itemListElement\":[{\"@type\":\"ListItem\",\"position\":1,\"name\":\"Accueil\",\"item\":\"https:\/\/www.talocdesport.com\/blog\/\"},{\"@type\":\"ListItem\",\"position\":2,\"name\":\"Revue de Presse\"}]},{\"@type\":\"WebSite\",\"@id\":\"https:\/\/www.talocdesport.com\/blog\/#website\",\"url\":\"https:\/\/www.talocdesport.com\/blog\/\",\"name\":\"talocdesport.com\/blog\",\"description\":\"Blog\",\"publisher\":{\"@id\":\"https:\/\/www.talocdesport.com\/blog\/#organization\"},\"potentialAction\":[{\"@type\":\"SearchAction\",\"target\":{\"@type\":\"EntryPoint\",\"urlTemplate\":\"https:\/\/www.talocdesport.com\/blog\/?s={search_term_string}\"},\"query-input\":{\"@type\":\"PropertyValueSpecification\",\"valueRequired\":true,\"valueName\":\"search_term_string\"}}],\"inLanguage\":\"fr-FR\"},{\"@type\":\"Organization\",\"@id\":\"https:\/\/www.talocdesport.com\/blog\/#organization\",\"name\":\"Taloc'de Sport\",\"url\":\"https:\/\/www.talocdesport.com\/blog\/\",\"logo\":{\"@type\":\"ImageObject\",\"inLanguage\":\"fr-FR\",\"@id\":\"https:\/\/www.talocdesport.com\/blog\/#\/schema\/logo\/image\/\",\"url\":\"https:\/\/www.talocdesport.com\/blog\/wp-content\/uploads\/2025\/04\/logo-hiver.png\",\"contentUrl\":\"https:\/\/www.talocdesport.com\/blog\/wp-content\/uploads\/2025\/04\/logo-hiver.png\",\"width\":630,\"height\":270,\"caption\":\"Taloc'de Sport\"},\"image\":{\"@id\":\"https:\/\/www.talocdesport.com\/blog\/#\/schema\/logo\/image\/\"}}]}<\/script>\n<!-- \/ Yoast SEO plugin. -->","yoast_head_json":{"title":"Revue de Presse -","description":"D\u00e9couvrez les m\u00e9dias qui parlent de Taloc'de Sport, la start-up grenobloise qui rend le sport plus abordable.","robots":{"index":"index","follow":"follow","max-snippet":"max-snippet:-1","max-image-preview":"max-image-preview:large","max-video-preview":"max-video-preview:-1"},"canonical":"https:\/\/www.talocdesport.com\/blog\/revue-de-presse\/","og_locale":"fr_FR","og_type":"article","og_title":"Revue de Presse -","og_description":"D\u00e9couvrez les m\u00e9dias qui parlent de Taloc'de Sport, la start-up grenobloise qui rend le sport plus abordable.","og_url":"https:\/\/www.talocdesport.com\/blog\/revue-de-presse\/","article_modified_time":"2026-02-17T13:19:40+00:00","twitter_card":"summary_large_image","twitter_misc":{"Dur\u00e9e de lecture estim\u00e9e":"1 minute"},"schema":{"@context":"https:\/\/schema.org","@graph":[{"@type":"WebPage","@id":"https:\/\/www.talocdesport.com\/blog\/revue-de-presse\/","url":"https:\/\/www.talocdesport.com\/blog\/revue-de-presse\/","name":"Revue de Presse -","isPartOf":{"@id":"https:\/\/www.talocdesport.com\/blog\/#website"},"datePublished":"2026-02-17T13:10:49+00:00","dateModified":"2026-02-17T13:19:40+00:00","description":"D\u00e9couvrez les m\u00e9dias qui parlent de Taloc'de Sport, la start-up grenobloise qui rend le sport plus abordable.","breadcrumb":{"@id":"https:\/\/www.talocdesport.com\/blog\/revue-de-presse\/#breadcrumb"},"inLanguage":"fr-FR","potentialAction":[{"@type":"ReadAction","target":["https:\/\/www.talocdesport.com\/blog\/revue-de-presse\/"]}]},{"@type":"BreadcrumbList","@id":"https:\/\/www.talocdesport.com\/blog\/revue-de-presse\/#breadcrumb","itemListElement":[{"@type":"ListItem","position":1,"name":"Accueil","item":"https:\/\/www.talocdesport.com\/blog\/"},{"@type":"ListItem","position":2,"name":"Revue de Presse"}]},{"@type":"WebSite","@id":"https:\/\/www.talocdesport.com\/blog\/#website","url":"https:\/\/www.talocdesport.com\/blog\/","name":"talocdesport.com\/blog","description":"Blog","publisher":{"@id":"https:\/\/www.talocdesport.com\/blog\/#organization"},"potentialAction":[{"@type":"SearchAction","target":{"@type":"EntryPoint","urlTemplate":"https:\/\/www.talocdesport.com\/blog\/?s={search_term_string}"},"query-input":{"@type":"PropertyValueSpecification","valueRequired":true,"valueName":"search_term_string"}}],"inLanguage":"fr-FR"},{"@type":"Organization","@id":"https:\/\/www.talocdesport.com\/blog\/#organization","name":"Taloc'de Sport","url":"https:\/\/www.talocdesport.com\/blog\/","logo":{"@type":"ImageObject","inLanguage":"fr-FR","@id":"https:\/\/www.talocdesport.com\/blog\/#\/schema\/logo\/image\/","url":"https:\/\/www.talocdesport.com\/blog\/wp-content\/uploads\/2025\/04\/logo-hiver.png","contentUrl":"https:\/\/www.talocdesport.com\/blog\/wp-content\/uploads\/2025\/04\/logo-hiver.png","width":630,"height":270,"caption":"Taloc'de Sport"},"image":{"@id":"https:\/\/www.talocdesport.com\/blog\/#\/schema\/logo\/image\/"}}]}},"_links":{"self":[{"href":"https:\/\/www.talocdesport.com\/blog\/wp-json\/wp\/v2\/pages\/2762","targetHints":{"allow":["GET"]}}],"collection":[{"href":"https:\/\/www.talocdesport.com\/blog\/wp-json\/wp\/v2\/pages"}],"about":[{"href":"https:\/\/www.talocdesport.com\/blog\/wp-json\/wp\/v2\/types\/page"}],"author":[{"embeddable":true,"href":"https:\/\/www.talocdesport.com\/blog\/wp-json\/wp\/v2\/users\/2"}],"replies":[{"embeddable":true,"href":"https:\/\/www.talocdesport.com\/blog\/wp-json\/wp\/v2\/comments?post=2762"}],"version-history":[{"count":7,"href":"https:\/\/www.talocdesport.com\/blog\/wp-json\/wp\/v2\/pages\/2762\/revisions"}],"predecessor-version":[{"id":2770,"href":"https:\/\/www.talocdesport.com\/blog\/wp-json\/wp\/v2\/pages\/2762\/revisions\/2770"}],"wp:attachment":[{"href":"https:\/\/www.talocdesport.com\/blog\/wp-json\/wp\/v2\/media?parent=2762"}],"curies":[{"name":"wp","href":"https:\/\/api.w.org\/{rel}","templated":true}]}}